{"id":3530,"date":"2024-08-08T03:05:31","date_gmt":"2024-08-08T03:05:31","guid":{"rendered":"https:\/\/digitopcolombia.com\/web\/?post_type=product&#038;p=3530"},"modified":"2024-08-08T03:10:35","modified_gmt":"2024-08-08T03:10:35","slug":"tripode-para-baston-topografico","status":"publish","type":"product","link":"https:\/\/digitopcolombia.com\/web\/producto\/tripode-para-baston-topografico\/","title":{"rendered":"Tr\u00edpode para bast\u00f3n topogr\u00e1fico"},"content":{"rendered":"","protected":false},"excerpt":{"rendered":"","protected":false},"featured_media":0,"comment_status":"open","ping_status":"closed","template":"","meta":[],"product_cat":[75],"product_tag":[],"class_list":["post-3530","product","type-product","status-publish","hentry","product_cat-tripodes"],"_links":{"self":[{"href":"https:\/\/digitopcolombia.com\/web\/wp-json\/wp\/v3\/product\/3530","targetHints":{"allow":["GET"]}}],"collection":[{"href":"https:\/\/digitopcolombia.com\/web\/wp-json\/wp\/v3\/product"}],"about":[{"href":"https:\/\/digitopcolombia.com\/web\/wp-json\/wp\/v2\/types\/product"}],"replies":[{"embeddable":true,"href":"https:\/\/digitopcolombia.com\/web\/wp-json\/wp\/v2\/comments?post=3530"}],"wp:attachment":[{"href":"https:\/\/digitopcolombia.com\/web\/wp-json\/wp\/v2\/media?parent=3530"}],"wp:term":[{"taxonomy":"product_cat","embeddable":true,"href":"https:\/\/digitopcolombia.com\/web\/wp-json\/wp\/v2\/product_cat?post=3530"},{"taxonomy":"product_tag","embeddable":true,"href":"https:\/\/digitopcolombia.com\/web\/wp-json\/wp\/v2\/product_tag?post=3530"}],"curies":[{"name":"wp","href":"https:\/\/api.w.org\/{rel}","templated":true}]}}