{"id":3306,"date":"2024-05-23T03:39:18","date_gmt":"2024-05-23T03:39:18","guid":{"rendered":"https:\/\/digitopcolombia.com\/web\/?post_type=product&#038;p=3306"},"modified":"2024-10-25T04:39:50","modified_gmt":"2024-10-25T04:39:50","slug":"singular-xyz-ref-y1-2","status":"publish","type":"product","link":"https:\/\/digitopcolombia.com\/web\/producto\/singular-xyz-ref-y1-2\/","title":{"rendered":"SINGULAR XYZ Ref: Y1"},"content":{"rendered":"<p>POSICI\u00d3N POSICIONAMIENTO EST\u00c1TICO: \u00b125mm +0.5 ppm \/ V \u00b1 5mm+0.5ppm, POSICI\u00d3N LEVANTAMIENTOS RTK (FIJOS): H \u00b1 8mm + 1ppm V\u00b115mm+1ppm, CONSTELACIONES:\u00a0GPS, GLONASS Y BEIDOU, GALILEO, QZSS, NAV, CANALES:\u00a01598, FRECUENCIAS: LIC\/A, L2P, L5, LIC, BII, B21, B31, BIC, B2a, B2b,, L1, L2. L3, E1, E5a, E5b, E6, E5 AltBoc, LIC, L2, L5, LIC\/A, L5. COMUNICACIONES:\u00a0CABLE, BLUETOOTH, WIFI, 4GS.\u00a0RADIO INTERNO;\u00a015KM DE ALCANCE EN \u00d3PTIMAS CONDICIONES, COLECTORES DE DATOS:\u00a0SC100,\u00a0SOFTWARE DEL COLECTOR:\u00a0SINGULAR SURV,\u00a0TIEMPO DE ENTREGA:\u00a020 D\u00cdAS A PARTIR DE RECEPCI\u00d3N DE ORDEN DE COMPRA, DURACI\u00d3N DE LA BATER\u00cdA:\u00a06 HORAS,\u00a0TECNOLOG\u00cdA DE MEDICI\u00d3N INCLINADA;\u00a060 GRADOS,\u00a0GARANT\u00cdA:\u00a01 A\u00d1O POR DEFECTOS DE FABRICA PARA EL EQUIPO Y COLECTOR Y 90 D\u00cdAS PARA ACCESORIOS.<\/p>\n","protected":false},"excerpt":{"rendered":"<p>POSICI\u00d3N POSICIONAMIENTO EST\u00c1TICO: \u00b125mm +0.5 ppm \/ V \u00b1 5mm+0.5ppm, [&hellip;]<\/p>\n","protected":false},"featured_media":3618,"comment_status":"open","ping_status":"closed","template":"","meta":[],"product_cat":[45,62],"product_tag":[],"class_list":["post-3306","product","type-product","status-publish","has-post-thumbnail","hentry","product_cat-equipos-gnss-nuevos","product_cat-rtk"],"_links":{"self":[{"href":"https:\/\/digitopcolombia.com\/web\/wp-json\/wp\/v3\/product\/3306","targetHints":{"allow":["GET"]}}],"collection":[{"href":"https:\/\/digitopcolombia.com\/web\/wp-json\/wp\/v3\/product"}],"about":[{"href":"https:\/\/digitopcolombia.com\/web\/wp-json\/wp\/v2\/types\/product"}],"replies":[{"embeddable":true,"href":"https:\/\/digitopcolombia.com\/web\/wp-json\/wp\/v2\/comments?post=3306"}],"wp:featuredmedia":[{"embeddable":true,"href":"https:\/\/digitopcolombia.com\/web\/wp-json\/wp\/v2\/media\/3618"}],"wp:attachment":[{"href":"https:\/\/digitopcolombia.com\/web\/wp-json\/wp\/v2\/media?parent=3306"}],"wp:term":[{"taxonomy":"product_cat","embeddable":true,"href":"https:\/\/digitopcolombia.com\/web\/wp-json\/wp\/v2\/product_cat?post=3306"},{"taxonomy":"product_tag","embeddable":true,"href":"https:\/\/digitopcolombia.com\/web\/wp-json\/wp\/v2\/product_tag?post=3306"}],"curies":[{"name":"wp","href":"https:\/\/api.w.org\/{rel}","templated":true}]}}