{"id":2595,"date":"2023-09-28T20:49:49","date_gmt":"2023-09-28T20:49:49","guid":{"rendered":"https:\/\/digitopcolombia.com\/web\/?post_type=product&#038;p=2595"},"modified":"2024-01-31T21:21:55","modified_gmt":"2024-01-31T21:21:55","slug":"trimble-geo-xh-6000","status":"publish","type":"product","link":"https:\/\/digitopcolombia.com\/web\/producto\/trimble-geo-xh-6000\/","title":{"rendered":"TRIMBLE GEO XH 6000"},"content":{"rendered":"<p><strong>SERIAL:<\/strong> 0000<br \/>\n<strong>SISTEMA OPERATIVO:<\/strong> 6.5.10(BUIL33803) AUG 9 2012<br \/>\n<strong>RECEPTOR:<\/strong> GEO XH<br \/>\n<strong>FIRMWARE:<\/strong> V3.06.1, 24 MAY 2012<br \/>\n<strong>RAM:<\/strong> 256MB<br \/>\n<strong>Comunicaci\u00f3n:<\/strong> 3.5G, CABLE, BLUETOOTH, WIFI<br \/>\n<strong>ROM:<\/strong> 2GB<br \/>\n<strong>Canales:<\/strong> 220<br \/>\n<strong>Software:<\/strong> SYSTEM REPORT FOR TERRASYNC VERSION 5.40 PROFESIONAL EDITION.<br \/>\n<strong>Frecuencias:<\/strong> L1\/L2\/G1\/G2<br \/>\n<strong>Ranura de expansi\u00f3n SD:<\/strong> SI<br \/>\n<strong>Precisi\u00f3n:<\/strong> Hasta 1cm (Dependiendo del tiempo, sat\u00e9lites etc.)<br \/>\n<strong>Incluye:<\/strong> SOFTWARE DE CAMPO, UNA BATERIA Y CARGADOR<br \/>\n<strong>Constelaciones:<\/strong> GPS + GLONASS + FLOODLIGHT.<\/p>\n","protected":false},"excerpt":{"rendered":"<p>Este Receptor GEO XH, con SERIAL 0000, ofrece un rendimiento de alta precisi\u00f3n con hasta 1cm de exactitud en condiciones \u00f3ptimas. Operando con el Sistema Operativo 6.5.10 y Firmware V3.06.1, proporciona conectividad vers\u00e1til (3.5G, Cable, Bluetooth, WiFi), siendo compatible con GPS, GLONASS y FLOODLIGHT. Incluye software de campo, una bater\u00eda y cargador, ideal para tareas de recolecci\u00f3n y an\u00e1lisis de datos geoespaciales.<\/p>\n","protected":false},"featured_media":2535,"comment_status":"open","ping_status":"closed","template":"","meta":[],"product_cat":[54,66],"product_tag":[],"class_list":["post-2595","product","type-product","status-publish","has-post-thumbnail","hentry","product_cat-equipos-gnss-usados","product_cat-submetricos-usados"],"_links":{"self":[{"href":"https:\/\/digitopcolombia.com\/web\/wp-json\/wp\/v3\/product\/2595","targetHints":{"allow":["GET"]}}],"collection":[{"href":"https:\/\/digitopcolombia.com\/web\/wp-json\/wp\/v3\/product"}],"about":[{"href":"https:\/\/digitopcolombia.com\/web\/wp-json\/wp\/v2\/types\/product"}],"replies":[{"embeddable":true,"href":"https:\/\/digitopcolombia.com\/web\/wp-json\/wp\/v2\/comments?post=2595"}],"wp:featuredmedia":[{"embeddable":true,"href":"https:\/\/digitopcolombia.com\/web\/wp-json\/wp\/v2\/media\/2535"}],"wp:attachment":[{"href":"https:\/\/digitopcolombia.com\/web\/wp-json\/wp\/v2\/media?parent=2595"}],"wp:term":[{"taxonomy":"product_cat","embeddable":true,"href":"https:\/\/digitopcolombia.com\/web\/wp-json\/wp\/v2\/product_cat?post=2595"},{"taxonomy":"product_tag","embeddable":true,"href":"https:\/\/digitopcolombia.com\/web\/wp-json\/wp\/v2\/product_tag?post=2595"}],"curies":[{"name":"wp","href":"https:\/\/api.w.org\/{rel}","templated":true}]}}