{"id":2263,"date":"2023-07-15T02:41:58","date_gmt":"2023-07-15T02:41:58","guid":{"rendered":"https:\/\/digitopcolombia.com\/web\/?post_type=product&#038;p=2263"},"modified":"2024-07-12T22:24:45","modified_gmt":"2024-07-12T22:24:45","slug":"pareja-rtk-chc-i80-nuevo","status":"publish","type":"product","link":"https:\/\/digitopcolombia.com\/web\/producto\/pareja-rtk-chc-i80-nuevo\/","title":{"rendered":"PAREJA RTK CHC i80"},"content":{"rendered":"<p>PRECISI\u00d3N POSICIONAMIENTOS EST\u00c1TICOS: HORIZONTAL: 3.0 MM + 0.1 PPM RMS &#8211; VERTICAL: 3.5 MM + 0.4 PPM RMS \u00cf CINEM\u00c1TICO POS-PROCESO (PPK) &#8211; HORIZONTAL: 8 MM + 1 PPM RMS &#8211; VERTICAL: 15 MM + 1 PPM RMS \u00cf RTK &#8211; HORIZONTAL: 8 MM + 1 PPM RMS &#8211; VERTICAL: 15 MM + 1 PPM RMS &#8211;<br \/>\nPRECISI\u00d3N LEVANTAMIENTOS RTK (FIJOS): HORIZONTAL: 8 MM + 0.5 PPM RMS &#8211; VERTICAL: 15 MM + 0.5 PPM RMS<br \/>\nCONSTELACIONES: GPS, GLONASS Y BEIDOU, GALILEO,SBAS<br \/>\nCANALES: 220<br \/>\nBANDAS 3G<br \/>\nFRECUENCIAS: L1,L2,L1C,L2C,L2E,L5<br \/>\nCOMUNICACIONES: BLUETOOTH,CABLE,WIFI<br \/>\nRADIO INTERNO: 2,5KM DE ALCANCE EN OPTIMAS CONDICIONES<br \/>\nCOLECTORES DE DATOS CUALQUIER COLECTOR QUE TENGA SOFTWARE FIELD GENIUS O SURVCe (ARCHER, NOMAD, RECON, SPECTRA, HEMISPHERE, JUNO)<br \/>\nSOFTWARE DEL COLECTOR WINDOWS MOBILES<br \/>\nDURACION DE LA BATERIA 5 HORAS<br \/>\nPRECIO UNITARIO SIN I.V.A: NO APLICA<br \/>\nPRECIO PAREJA USADO: $ 7.900 USD<br \/>\nGARANTIA: 60 DIAS<br \/>\nINCLUYE: CONTROLADOR CON SOFTWARE FIELD GENIUS O SURVCE, 2 RECEPTORES BASE\/ROVER I80 CON RADIO INTERNO SATEL TX\/RX, 2 ANTENAS DE RADIO UHF, 4 BATER\u00cdAS, CABLE DE DATOS Y PODER, 2 CARGADORES, 1 BASE NIVELANTE, 1 EXTENSI\u00d3N DE (30 CM), 1 TRIPODE, 1 BAST\u00d3N DE ALTURA FIJA, CONTROLADOR TRIMBLE JUNO 3B, CABLE DE DATOS, PLUMA T\u00c1CTIL, SOFTWARE DE COLECCI\u00d3N DE DATOS FIELD GENIUS, SOPORTE COLECTOR AL BASTON, CAPACITACION EN EL MANEJO<\/p>\n","protected":false},"excerpt":{"rendered":"<p>Sistema i80 de CHC<br \/>\ni80 representa la cumbre de la productividad en el trabajo de hoy. Tecnolog\u00eda l\u00edder con capacidades superiores, i80 puede rastrear todas las constelaciones satelitales GNSS: GPS, GLONASS, Galileo, BDS, QZSS y SBAS.<\/p>\n","protected":false},"featured_media":2145,"comment_status":"open","ping_status":"closed","template":"","meta":[],"product_cat":[45],"product_tag":[53],"class_list":["post-2263","product","type-product","status-publish","has-post-thumbnail","hentry","product_cat-equipos-gnss-nuevos","product_tag-nuevo"],"_links":{"self":[{"href":"https:\/\/digitopcolombia.com\/web\/wp-json\/wp\/v3\/product\/2263","targetHints":{"allow":["GET"]}}],"collection":[{"href":"https:\/\/digitopcolombia.com\/web\/wp-json\/wp\/v3\/product"}],"about":[{"href":"https:\/\/digitopcolombia.com\/web\/wp-json\/wp\/v2\/types\/product"}],"replies":[{"embeddable":true,"href":"https:\/\/digitopcolombia.com\/web\/wp-json\/wp\/v2\/comments?post=2263"}],"wp:featuredmedia":[{"embeddable":true,"href":"https:\/\/digitopcolombia.com\/web\/wp-json\/wp\/v2\/media\/2145"}],"wp:attachment":[{"href":"https:\/\/digitopcolombia.com\/web\/wp-json\/wp\/v2\/media?parent=2263"}],"wp:term":[{"taxonomy":"product_cat","embeddable":true,"href":"https:\/\/digitopcolombia.com\/web\/wp-json\/wp\/v2\/product_cat?post=2263"},{"taxonomy":"product_tag","embeddable":true,"href":"https:\/\/digitopcolombia.com\/web\/wp-json\/wp\/v2\/product_tag?post=2263"}],"curies":[{"name":"wp","href":"https:\/\/api.w.org\/{rel}","templated":true}]}}