{"id":2196,"date":"2023-06-09T04:17:34","date_gmt":"2023-06-09T04:17:34","guid":{"rendered":"https:\/\/digitopcolombia.com\/web\/?post_type=product&#038;p=2196"},"modified":"2024-11-14T04:24:33","modified_gmt":"2024-11-14T04:24:33","slug":"can-measure-cm32-optico-usado","status":"publish","type":"product","link":"https:\/\/digitopcolombia.com\/web\/producto\/can-measure-cm32-optico-usado\/","title":{"rendered":"NIVEL AUTOMATICO CAN MEASURE CM32 \u00d3PTICO"},"content":{"rendered":"<p>Aumento: 32x<br \/>\nIncluye: Un tr\u00edpode de aluminio para Nivel Nuevo, una mira milimetrada delgada de 5m Nueva y un certificado de Ajuste y mantenimiento.<br \/>\nGarant\u00eda Nivel: 30 D\u00edas por defectos de f\u00e1brica<br \/>\nGarant\u00eda Accesorios: 30 D\u00edas por defectos de f\u00e1brica<\/p>\n","protected":false},"excerpt":{"rendered":"<p>Aumento: 32x<br \/>\nIncluye: Un tr\u00edpode de aluminio para Nivel Nuevo, una mira milimetrada delgada de 5m Nueva y un certificado de Ajuste y mantenimiento.<br \/>\nGarant\u00eda Nivel: 30 D\u00edas por defectos de f\u00e1brica<br \/>\nGarant\u00eda Accesorios: 30 D\u00edas por defectos de f\u00e1brica<\/p>\n","protected":false},"featured_media":3629,"comment_status":"open","ping_status":"closed","template":"","meta":[],"product_cat":[56],"product_tag":[],"class_list":["post-2196","product","type-product","status-publish","has-post-thumbnail","hentry","product_cat-niveles-de-precision-automaticos-y-digitales-usados"],"_links":{"self":[{"href":"https:\/\/digitopcolombia.com\/web\/wp-json\/wp\/v3\/product\/2196","targetHints":{"allow":["GET"]}}],"collection":[{"href":"https:\/\/digitopcolombia.com\/web\/wp-json\/wp\/v3\/product"}],"about":[{"href":"https:\/\/digitopcolombia.com\/web\/wp-json\/wp\/v2\/types\/product"}],"replies":[{"embeddable":true,"href":"https:\/\/digitopcolombia.com\/web\/wp-json\/wp\/v2\/comments?post=2196"}],"wp:featuredmedia":[{"embeddable":true,"href":"https:\/\/digitopcolombia.com\/web\/wp-json\/wp\/v2\/media\/3629"}],"wp:attachment":[{"href":"https:\/\/digitopcolombia.com\/web\/wp-json\/wp\/v2\/media?parent=2196"}],"wp:term":[{"taxonomy":"product_cat","embeddable":true,"href":"https:\/\/digitopcolombia.com\/web\/wp-json\/wp\/v2\/product_cat?post=2196"},{"taxonomy":"product_tag","embeddable":true,"href":"https:\/\/digitopcolombia.com\/web\/wp-json\/wp\/v2\/product_tag?post=2196"}],"curies":[{"name":"wp","href":"https:\/\/api.w.org\/{rel}","templated":true}]}}