{"id":2187,"date":"2023-06-09T04:08:19","date_gmt":"2023-06-09T04:08:19","guid":{"rendered":"https:\/\/digitopcolombia.com\/web\/?post_type=product&#038;p=2187"},"modified":"2024-11-14T04:38:37","modified_gmt":"2024-11-14T04:38:37","slug":"wild-na1-usado","status":"publish","type":"product","link":"https:\/\/digitopcolombia.com\/web\/producto\/wild-na1-usado\/","title":{"rendered":"NIVEL AUTOMATICO WILD NA1"},"content":{"rendered":"<p>Aumento: 24x<br \/>\nIncluye: Un tr\u00edpode de aluminio doble seguro para Nivel Nuevo, una mira milimetrada delgada de 5m Nueva y un certificado de ajuste y mantenimiento.<br \/>\nGarant\u00eda Nivel: 30 D\u00edas por defectos de f\u00e1brica<br \/>\nGarant\u00eda Accesorios: 30 D\u00edas por defectos de f\u00e1brica<\/p>\n","protected":false},"excerpt":{"rendered":"<p>Aumento: 24x<br \/>\nIncluye: Un tr\u00edpode de aluminio doble seguro para Nivel Nuevo, una mira milimetrada delgada de 5m Nueva y un certificado de ajuste y mantenimiento.<br \/>\nGarant\u00eda Nivel: 30 D\u00edas por defectos de f\u00e1brica<br \/>\nGarant\u00eda Accesorios: 30 D\u00edas por defectos de f\u00e1brica<\/p>\n","protected":false},"featured_media":3638,"comment_status":"open","ping_status":"closed","template":"","meta":[],"product_cat":[56],"product_tag":[],"class_list":["post-2187","product","type-product","status-publish","has-post-thumbnail","hentry","product_cat-niveles-de-precision-automaticos-y-digitales-usados"],"_links":{"self":[{"href":"https:\/\/digitopcolombia.com\/web\/wp-json\/wp\/v3\/product\/2187","targetHints":{"allow":["GET"]}}],"collection":[{"href":"https:\/\/digitopcolombia.com\/web\/wp-json\/wp\/v3\/product"}],"about":[{"href":"https:\/\/digitopcolombia.com\/web\/wp-json\/wp\/v2\/types\/product"}],"replies":[{"embeddable":true,"href":"https:\/\/digitopcolombia.com\/web\/wp-json\/wp\/v2\/comments?post=2187"}],"wp:featuredmedia":[{"embeddable":true,"href":"https:\/\/digitopcolombia.com\/web\/wp-json\/wp\/v2\/media\/3638"}],"wp:attachment":[{"href":"https:\/\/digitopcolombia.com\/web\/wp-json\/wp\/v2\/media?parent=2187"}],"wp:term":[{"taxonomy":"product_cat","embeddable":true,"href":"https:\/\/digitopcolombia.com\/web\/wp-json\/wp\/v2\/product_cat?post=2187"},{"taxonomy":"product_tag","embeddable":true,"href":"https:\/\/digitopcolombia.com\/web\/wp-json\/wp\/v2\/product_tag?post=2187"}],"curies":[{"name":"wp","href":"https:\/\/api.w.org\/{rel}","templated":true}]}}