{"id":2181,"date":"2023-06-09T03:55:24","date_gmt":"2023-06-09T03:55:24","guid":{"rendered":"https:\/\/digitopcolombia.com\/web\/?post_type=product&#038;p=2181"},"modified":"2024-05-28T17:43:00","modified_gmt":"2024-05-28T17:43:00","slug":"sokkia-dt6-usado","status":"publish","type":"product","link":"https:\/\/digitopcolombia.com\/web\/producto\/sokkia-dt6-usado\/","title":{"rendered":"SOKKIA DT6 &#8211; USADO"},"content":{"rendered":"<p>DISTANCIA DE ENFOQUE<br \/>\n1.4M<br \/>\nLECTURA ANGULAR<br \/>\n5&#8243;<br \/>\nAUMENTO<br \/>\n30X<br \/>\nABERTURA ANTEOJO<br \/>\n45MM<br \/>\nINCLUYE: UN TR\u00cdPODE DE ALUMINIO DOBLE SEGURO, CERTIFICADO DE AJUSTE Y MANTENIMIENTO.<br \/>\nGARANT\u00cdA EQUIPO: 60 D\u00cdAS POR DEFECTOS DE F\u00c1BRICA<br \/>\nGARANT\u00cdA ACCESORIOS: 30 D\u00cdAS POR DEFECTOS DE F\u00c1BRICA<\/p>\n","protected":false},"excerpt":{"rendered":"<p>DISTANCIA DE ENFOQUE<br \/>\n1.4M<br \/>\nLECTURA ANGULAR<br \/>\n5&#8243;<br \/>\nAUMENTO<br \/>\n30X<br \/>\nABERTURA ANTEOJO<br \/>\n45MM<\/p>\n","protected":false},"featured_media":2835,"comment_status":"open","ping_status":"closed","template":"","meta":[],"product_cat":[58],"product_tag":[],"class_list":["post-2181","product","type-product","status-publish","has-post-thumbnail","hentry","product_cat-teodolitos-usados"],"_links":{"self":[{"href":"https:\/\/digitopcolombia.com\/web\/wp-json\/wp\/v3\/product\/2181","targetHints":{"allow":["GET"]}}],"collection":[{"href":"https:\/\/digitopcolombia.com\/web\/wp-json\/wp\/v3\/product"}],"about":[{"href":"https:\/\/digitopcolombia.com\/web\/wp-json\/wp\/v2\/types\/product"}],"replies":[{"embeddable":true,"href":"https:\/\/digitopcolombia.com\/web\/wp-json\/wp\/v2\/comments?post=2181"}],"wp:featuredmedia":[{"embeddable":true,"href":"https:\/\/digitopcolombia.com\/web\/wp-json\/wp\/v2\/media\/2835"}],"wp:attachment":[{"href":"https:\/\/digitopcolombia.com\/web\/wp-json\/wp\/v2\/media?parent=2181"}],"wp:term":[{"taxonomy":"product_cat","embeddable":true,"href":"https:\/\/digitopcolombia.com\/web\/wp-json\/wp\/v2\/product_cat?post=2181"},{"taxonomy":"product_tag","embeddable":true,"href":"https:\/\/digitopcolombia.com\/web\/wp-json\/wp\/v2\/product_tag?post=2181"}],"curies":[{"name":"wp","href":"https:\/\/api.w.org\/{rel}","templated":true}]}}