{"id":2150,"date":"2023-05-31T03:42:54","date_gmt":"2023-05-31T03:42:54","guid":{"rendered":"https:\/\/digitopcolombia.com\/web\/?post_type=product&#038;p=2150"},"modified":"2024-01-31T21:28:13","modified_gmt":"2024-01-31T21:28:13","slug":"pareja-chc-x90d-usados","status":"publish","type":"product","link":"https:\/\/digitopcolombia.com\/web\/producto\/pareja-chc-x90d-usados\/","title":{"rendered":"Pareja CHC X90D"},"content":{"rendered":"<p>ES UN RECEPTOR GNSS DISE\u00d1ADO PARA OFRECER ALTA PRECISI\u00d3N Y EXCELENTE PRODUCTIVIDAD, AUN EN LUGARES DE DIF\u00cdCIL ACCESO.<br \/>\n220 CANALES,\u00a0 DISE\u00d1O COMPACTO, MODEM UHF<\/p>\n","protected":false},"excerpt":{"rendered":"<p>ES UN RECEPTOR GNSS DISE\u00d1ADO PARA OFRECER ALTA PRECISI\u00d3N Y EXCELENTE PRODUCTIVIDAD, AUN EN LUGARES DE DIF\u00cdCIL ACCESO.<br \/>\n220 CANALES,\u00a0 DISE\u00d1O COMPACTO, MODEM UHF<\/p>\n","protected":false},"featured_media":2151,"comment_status":"open","ping_status":"closed","template":"","meta":[],"product_cat":[45],"product_tag":[],"class_list":["post-2150","product","type-product","status-publish","has-post-thumbnail","hentry","product_cat-equipos-gnss-nuevos"],"_links":{"self":[{"href":"https:\/\/digitopcolombia.com\/web\/wp-json\/wp\/v3\/product\/2150","targetHints":{"allow":["GET"]}}],"collection":[{"href":"https:\/\/digitopcolombia.com\/web\/wp-json\/wp\/v3\/product"}],"about":[{"href":"https:\/\/digitopcolombia.com\/web\/wp-json\/wp\/v2\/types\/product"}],"replies":[{"embeddable":true,"href":"https:\/\/digitopcolombia.com\/web\/wp-json\/wp\/v2\/comments?post=2150"}],"wp:featuredmedia":[{"embeddable":true,"href":"https:\/\/digitopcolombia.com\/web\/wp-json\/wp\/v2\/media\/2151"}],"wp:attachment":[{"href":"https:\/\/digitopcolombia.com\/web\/wp-json\/wp\/v2\/media?parent=2150"}],"wp:term":[{"taxonomy":"product_cat","embeddable":true,"href":"https:\/\/digitopcolombia.com\/web\/wp-json\/wp\/v2\/product_cat?post=2150"},{"taxonomy":"product_tag","embeddable":true,"href":"https:\/\/digitopcolombia.com\/web\/wp-json\/wp\/v2\/product_tag?post=2150"}],"curies":[{"name":"wp","href":"https:\/\/api.w.org\/{rel}","templated":true}]}}