{"id":2471,"date":"2023-09-25T14:54:08","date_gmt":"2023-09-25T14:54:08","guid":{"rendered":"https:\/\/digitopcolombia.com\/web\/?page_id=2471"},"modified":"2024-05-28T20:05:53","modified_gmt":"2024-05-28T20:05:53","slug":"ajuste","status":"publish","type":"page","link":"https:\/\/digitopcolombia.com\/web\/ajuste\/","title":{"rendered":"Ajuste y Mantenimiento"},"content":{"rendered":"<div class=\"fusion-fullwidth fullwidth-box fusion-builder-row-1 fusion-flex-container hundred-percent-fullwidth non-hundred-percent-height-scrolling\" style=\"background-color: rgba(255,255,255,0);background-position: left top;background-repeat: no-repeat;background-blend-mode: screen;border-width: 0px 0px 0px 0px;border-color:var(--awb-color3);border-style:solid;\" ><div class=\"fusion-builder-row fusion-row fusion-flex-align-items-stretch fusion-flex-justify-content-center\" style=\"width:calc( 100% + 0px ) !important;max-width:calc( 100% + 0px ) !important;margin-left: calc(-0px \/ 2 );margin-right: calc(-0px \/ 2 );\"><div class=\"fusion-layout-column fusion_builder_column fusion-builder-column-0 fusion_builder_column_1_2 1_2 fusion-flex-column\"><div class=\"fusion-column-wrapper fusion-flex-justify-content-flex-start fusion-content-layout-row\" style=\"background-position:left top;background-repeat:no-repeat;-webkit-background-size:cover;-moz-background-size:cover;-o-background-size:cover;background-size:cover;padding: 0px 0px 0px 0px;\"><style type=\"text\/css\">@media only screen and (max-width:1024px) {.fusion-title.fusion-title-1{margin-top:10px!important; margin-right:0px!important;margin-bottom:15px!important;margin-left:0px!important;}}@media only screen and (max-width:640px) {.fusion-title.fusion-title-1{margin-top:10px!important; margin-right:0px!important;margin-bottom:10px!important; margin-left:0px!important;}}<\/style><div class=\"fusion-title title fusion-title-1 fusion-sep-none fusion-title-center fusion-title-text fusion-title-size-four\" style=\"margin-top:10px;margin-right:0px;margin-bottom:15px;margin-left:0px;\"><h4 class=\"title-heading-center\" style=\"margin:0;text-transform:capitalize;\"><h4>Ajuste y mantenimiento de equipos topogr\u00e1ficos<\/h4><\/h4><\/div><div class=\"fusion-text fusion-text-1\"><p>Ajuste y mantenimiento de equipos, de manera \u00e1gil y oportuna. Si lo traes a primera hora, estar\u00e1 listo finalizando la tarde, o a m\u00e1s tardar al d\u00eda siguiente finalizando la ma\u00f1ana.<\/p>\n<p>Contamos con servicio especial de EMERGENCIA. Si tienes una emergencia con tu equipo y requiere revisi\u00f3n o ajuste te lo entregamos en medio d\u00eda.<br \/>\nSi durante el tiempo de reparaci\u00f3n de tu equipo, requieres un equipo en alquiler, te lo alquilamos a mitad de precio.<\/p>\n<\/div><\/div><style type=\"text\/css\">.fusion-body .fusion-builder-column-0{width:50% !important;margin-top : 0px;margin-bottom : 20px;}.fusion-builder-column-0 > .fusion-column-wrapper {padding-top : 0px !important;padding-right : 0px !important;margin-right : 0;padding-bottom : 0px !important;padding-left : 0px !important;margin-left : 0;}@media only screen and (max-width:1024px) {.fusion-body .fusion-builder-column-0{width:50% !important;order : 0;}.fusion-builder-column-0 > .fusion-column-wrapper {margin-right : 0;margin-left : 0;}}@media only screen and (max-width:640px) {.fusion-body .fusion-builder-column-0{width:100% !important;order : 0;}.fusion-builder-column-0 > .fusion-column-wrapper {margin-right : 0;margin-left : 0;}}<\/style><\/div><div class=\"fusion-layout-column fusion_builder_column fusion-builder-column-1 fusion_builder_column_1_3 1_3 fusion-flex-column\"><div class=\"fusion-column-wrapper fusion-flex-justify-content-flex-start fusion-content-layout-column\" style=\"background-position:left top;background-repeat:no-repeat;-webkit-background-size:cover;-moz-background-size:cover;-o-background-size:cover;background-size:cover;padding: 0px 0px 0px 0px;\"><div ><style>.fusion-imageframe.imageframe-1{ margin-left : 10px;}<\/style><span class=\" fusion-imageframe imageframe-none imageframe-1 hover-type-none\"><img decoding=\"async\" width=\"1234\" height=\"919\" title=\"digitop-02\" src=\"https:\/\/digitopcolombia.com\/web\/wp-content\/uploads\/2022\/09\/digitop-02.jpg\" data-orig-src=\"https:\/\/digitopcolombia.com\/web\/wp-content\/uploads\/2022\/09\/digitop-02.jpg\" alt class=\"lazyload img-responsive wp-image-1399\" srcset=\"data:image\/svg+xml,%3Csvg%20xmlns%3D%27http%3A%2F%2Fwww.w3.org%2F2000%2Fsvg%27%20width%3D%271234%27%20height%3D%27919%27%20viewBox%3D%270%200%201234%20919%27%3E%3Crect%20width%3D%271234%27%20height%3D%27919%27%20fill-opacity%3D%220%22%2F%3E%3C%2Fsvg%3E\" data-srcset=\"https:\/\/digitopcolombia.com\/web\/wp-content\/uploads\/2022\/09\/digitop-02-200x149.jpg 200w, https:\/\/digitopcolombia.com\/web\/wp-content\/uploads\/2022\/09\/digitop-02-400x298.jpg 400w, https:\/\/digitopcolombia.com\/web\/wp-content\/uploads\/2022\/09\/digitop-02-600x447.jpg 600w, https:\/\/digitopcolombia.com\/web\/wp-content\/uploads\/2022\/09\/digitop-02-800x596.jpg 800w, https:\/\/digitopcolombia.com\/web\/wp-content\/uploads\/2022\/09\/digitop-02-1200x894.jpg 1200w, https:\/\/digitopcolombia.com\/web\/wp-content\/uploads\/2022\/09\/digitop-02.jpg 1234w\" data-sizes=\"auto\" data-orig-sizes=\"(max-width: 640px) 100vw, 600px\" \/><\/span><\/div><\/div><style type=\"text\/css\">.fusion-body .fusion-builder-column-1{width:33.333333333333% !important;margin-top : 0px;margin-bottom : 20px;}.fusion-builder-column-1 > .fusion-column-wrapper {padding-top : 0px !important;padding-right : 0px !important;margin-right : 0;padding-bottom : 0px !important;padding-left : 0px !important;margin-left : 0;}@media only screen and (max-width:1024px) {.fusion-body .fusion-builder-column-1{width:33.333333333333% !important;order : 0;}.fusion-builder-column-1 > .fusion-column-wrapper {margin-right : 0;margin-left : 0;}}@media only screen and (max-width:640px) {.fusion-body .fusion-builder-column-1{width:100% !important;order : 0;}.fusion-builder-column-1 > .fusion-column-wrapper {margin-right : 0;margin-left : 0;}}<\/style><\/div><\/div><style type=\"text\/css\">.fusion-body .fusion-flex-container.fusion-builder-row-1{ padding-top : 0px;margin-top : 0px;padding-right : 0px;padding-bottom : 0px;margin-bottom : 115px;padding-left : 00px;}@media only screen and (max-width:1024px) {.fusion-body .fusion-flex-container.fusion-builder-row-1{ padding-top : 0px;padding-bottom : 0px;margin-bottom : 70px;}}@media only screen and (max-width:640px) {.fusion-body .fusion-flex-container.fusion-builder-row-1{ padding-top : 0;}}<\/style><\/div>\n","protected":false},"excerpt":{"rendered":"","protected":false},"author":1,"featured_media":0,"parent":0,"menu_order":7,"comment_status":"closed","ping_status":"closed","template":"","meta":{"footnotes":""},"class_list":["post-2471","page","type-page","status-publish","hentry"],"_links":{"self":[{"href":"https:\/\/digitopcolombia.com\/web\/wp-json\/wp\/v2\/pages\/2471","targetHints":{"allow":["GET"]}}],"collection":[{"href":"https:\/\/digitopcolombia.com\/web\/wp-json\/wp\/v2\/pages"}],"about":[{"href":"https:\/\/digitopcolombia.com\/web\/wp-json\/wp\/v2\/types\/page"}],"author":[{"embeddable":true,"href":"https:\/\/digitopcolombia.com\/web\/wp-json\/wp\/v2\/users\/1"}],"replies":[{"embeddable":true,"href":"https:\/\/digitopcolombia.com\/web\/wp-json\/wp\/v2\/comments?post=2471"}],"version-history":[{"count":4,"href":"https:\/\/digitopcolombia.com\/web\/wp-json\/wp\/v2\/pages\/2471\/revisions"}],"predecessor-version":[{"id":3332,"href":"https:\/\/digitopcolombia.com\/web\/wp-json\/wp\/v2\/pages\/2471\/revisions\/3332"}],"wp:attachment":[{"href":"https:\/\/digitopcolombia.com\/web\/wp-json\/wp\/v2\/media?parent=2471"}],"curies":[{"name":"wp","href":"https:\/\/api.w.org\/{rel}","templated":true}]}}